{"id":3347,"date":"2026-05-06T11:37:09","date_gmt":"2026-05-06T09:37:09","guid":{"rendered":"https:\/\/taizegroningen.nl\/?page_id=3347"},"modified":"2026-05-06T14:03:24","modified_gmt":"2026-05-06T12:03:24","slug":"30-jaar","status":"publish","type":"page","link":"https:\/\/taizegroningen.nl\/en\/30-jaar\/","title":{"rendered":"30th Anniversary"},"content":{"rendered":"<p><em>This year marks a special moment for the Taiz\u00e9 prayers in Groningen: a new beginning at a new location and the celebration of its 30th anniversary.<\/em><\/p>\n\n\n\n<p>Thirty years ago, at the request of the brothers of Taiz\u00e9 (France), Taiz\u00e9 prayers were established in various places across the country, including Groningen. In the early years, the prayer gatherings were held in people\u2019s homes, later searching for and finding a place in different locations and churches throughout the city. Throughout all these years, the prayers have been supported by the dedication of visitors, volunteers, singers, and musicians.<\/p>\n\n\n\n<p>At the end of 2025, it became clear that a new location for the Taiz\u00e9 prayer was needed on short notice. At the same time, the number of regular volunteers had decreased in recent years. This led to conversations about the future of the prayer: was this perhaps the moment to stop, despite the 30th anniversary? Ultimately, the organizers decided to continue, driven by the enduring enthusiasm for Taiz\u00e9 in Groningen. That enthusiasm was confirmed when the Mennonite Church welcomed Taiz\u00e9 Groningen with open arms. The first Taiz\u00e9 prayer there took place in April.<\/p>\n\n\n<div class=\"wp-block-image is-style-default\">\n<figure class=\"aligncenter size-large\"><img loading=\"lazy\" decoding=\"async\" width=\"1024\" height=\"576\" src=\"https:\/\/taizegroningen.nl\/wp-content\/uploads\/2026\/05\/prayer-8-april-2026-1024x576.jpg\" alt=\"Photo Taiz\u00e9 Prayer April\" class=\"wp-image-3352\" style=\"object-fit:cover\" srcset=\"https:\/\/taizegroningen.nl\/wp-content\/uploads\/2026\/05\/prayer-8-april-2026-1024x576.jpg 1024w, https:\/\/taizegroningen.nl\/wp-content\/uploads\/2026\/05\/prayer-8-april-2026-300x169.jpg 300w, https:\/\/taizegroningen.nl\/wp-content\/uploads\/2026\/05\/prayer-8-april-2026-768x432.jpg 768w, https:\/\/taizegroningen.nl\/wp-content\/uploads\/2026\/05\/prayer-8-april-2026-1536x864.jpg 1536w, https:\/\/taizegroningen.nl\/wp-content\/uploads\/2026\/05\/prayer-8-april-2026-2048x1152.jpg 2048w, https:\/\/taizegroningen.nl\/wp-content\/uploads\/2026\/05\/prayer-8-april-2026-1200x675.jpg 1200w\" sizes=\"auto, (max-width: 709px) 85vw, (max-width: 909px) 67vw, (max-width: 1362px) 62vw, 840px\" \/><\/figure><\/div>\n\n\n<p>On Wednesday evening June 10th, 2026, Taiz\u00e9 Groningen will celebrate its 30th<br>anniversary. In recent months, visitors were invited to write down and share their memories of Taiz\u00e9 on a bulletinboard after the services. These memories will receive a special place during the anniversary service. After the service, there will be an opportunity to meet one another while enjoying some food and drinks.<\/p>\n\n\n\n<p>Because it is no longer known who has been involved with Taiz\u00e9 Groningen over the years, the organizers are issuing a call. Before the service, there will be an opportunity for people who have helped with the prayer in the past to share a meal together and rehearse the songs. Anyone who has helped in the past and has not yet received an invitation can get in touch via info at taizegroningen . nl or our social media.<\/p>\n\n\n\n<div class=\"wp-block-group is-content-justification-center is-nowrap is-layout-flex wp-container-core-group-is-layout-1 wp-block-group-is-layout-flex\">\n<figure class=\"wp-block-image size-full is-resized is-style-rounded\"><a href=\"https:\/\/www.instagram.com\/taizegroningen\"><img loading=\"lazy\" decoding=\"async\" width=\"100\" height=\"100\" src=\"https:\/\/taizegroningen.nl\/wp-content\/uploads\/2026\/04\/logo-instagram-small.png\" alt=\"Volg ons op Instagram!\" class=\"wp-image-3313\" style=\"width:auto;height:50px\" title=\"\"\/><\/a><\/figure>\n\n\n\n<figure class=\"wp-block-image size-full is-resized is-style-rounded\"><a href=\"https:\/\/www.facebook.com\/TaizeGroningen\"><img loading=\"lazy\" decoding=\"async\" width=\"100\" height=\"100\" src=\"https:\/\/taizegroningen.nl\/wp-content\/uploads\/2026\/04\/logo-facebook-small.png\" alt=\"Volg ons op Facebook!\" class=\"wp-image-3312\" style=\"width:auto;height:50px\"\/><\/a><\/figure>\n<\/div>\n\n\n\n<p><\/p>","protected":false},"excerpt":{"rendered":"<p>This year marks a special moment for the Taiz\u00e9 prayers in Groningen: a new beginning at a new location and the celebration of its 30th anniversary. Thirty years ago, at the request of the brothers of Taiz\u00e9 (France), Taiz\u00e9 prayers were established in various places across the country, including Groningen. In the early years, the &hellip; <a href=\"https:\/\/taizegroningen.nl\/en\/30-jaar\/\" class=\"more-link\">Continue reading<span class=\"screen-reader-text\"> &#8220;30th Anniversary&#8221;<\/span><\/a><\/p>\n","protected":false},"author":35,"featured_media":0,"parent":0,"menu_order":0,"comment_status":"closed","ping_status":"closed","template":"","meta":{"footnotes":""},"class_list":["post-3347","page","type-page","status-publish","hentry"],"_links":{"self":[{"href":"https:\/\/taizegroningen.nl\/en\/wp-json\/wp\/v2\/pages\/3347","targetHints":{"allow":["GET"]}}],"collection":[{"href":"https:\/\/taizegroningen.nl\/en\/wp-json\/wp\/v2\/pages"}],"about":[{"href":"https:\/\/taizegroningen.nl\/en\/wp-json\/wp\/v2\/types\/page"}],"author":[{"embeddable":true,"href":"https:\/\/taizegroningen.nl\/en\/wp-json\/wp\/v2\/users\/35"}],"replies":[{"embeddable":true,"href":"https:\/\/taizegroningen.nl\/en\/wp-json\/wp\/v2\/comments?post=3347"}],"version-history":[{"count":29,"href":"https:\/\/taizegroningen.nl\/en\/wp-json\/wp\/v2\/pages\/3347\/revisions"}],"predecessor-version":[{"id":3389,"href":"https:\/\/taizegroningen.nl\/en\/wp-json\/wp\/v2\/pages\/3347\/revisions\/3389"}],"wp:attachment":[{"href":"https:\/\/taizegroningen.nl\/en\/wp-json\/wp\/v2\/media?parent=3347"}],"curies":[{"name":"wp","href":"https:\/\/api.w.org\/{rel}","templated":true}]}}